{"id":417,"date":"2022-06-20T10:45:26","date_gmt":"2022-06-20T15:45:26","guid":{"rendered":"http:\/\/lasmargaritasinsurancecorp.five.zysites.com\/about-us\/"},"modified":"2024-12-18T10:14:41","modified_gmt":"2024-12-18T16:14:41","slug":"about-us","status":"publish","type":"page","link":"https:\/\/www.lasmargaritasinsurance.com\/es\/about-us\/","title":{"rendered":"Acerca de nosotros"},"content":{"rendered":"<p>Bienvenido a Las Margaritas Insurance: \u00a1su fuente confiable para todas sus necesidades de seguros! Con sede en Miami, FL, orgullosamente ofrecemos una amplia gama de soluciones de seguros, que incluyen cobertura de propiedad, autom\u00f3vil, comercial, de vida y de salud. Nuestra misi\u00f3n es brindar servicios de seguros personalizados con el cuidado, la transparencia y la dedicaci\u00f3n que usted merece.<\/p>\n<p>Fundada por Caridad Margarita Pacheco, Las Margaritas Insurance naci\u00f3 del deseo de mejorar la experiencia del cliente en la industria de los seguros. Despu\u00e9s de a\u00f1os de ayudar a los clientes a trav\u00e9s de su exitoso negocio inmobiliario, Caridad reconoci\u00f3 la necesidad de una agencia que priorice las necesidades \u00fanicas de los clientes y brinde la tranquilidad que merecen. Con su experiencia, pasi\u00f3n y compromiso con un servicio excepcional, Las Margaritas Insurance fue creada para satisfacer esa necesidad.<\/p>\n<p>En Las Margaritas Insurance, nos enorgullecemos de personalizar las soluciones de seguros para que se adapten a su vida, ya sea que est\u00e9 protegiendo su hogar, veh\u00edculo, negocio o el futuro de su familia. Nuestro objetivo es hacer que el proceso sea sencillo, sin complicaciones y sin estr\u00e9s, al mismo tiempo que construimos relaciones duraderas con cada cliente al que servimos.<\/p>\n<p>Como parte de la comunidad de Miami, somos m\u00e1s que una agencia de seguros: somos su socio en seguridad y tranquilidad. Cuando elige Las Margaritas Insurance, est\u00e1 eligiendo un equipo que est\u00e1 aqu\u00ed para proteger lo que m\u00e1s le importa.<\/p>\n","protected":false},"excerpt":{"rendered":"<p>Bienvenido a Las Margaritas Insurance: \u00a1su fuente confiable para todas sus necesidades de seguros! Con sede en Miami, FL, orgullosamente ofrecemos una amplia gama de soluciones de seguros, que incluyen cobertura de propiedad, autom\u00f3vil, comercial, de vida y de salud. Nuestra misi\u00f3n es brindar servicios de seguros personalizados con el cuidado, la transparencia y la [&hellip;]<\/p>\n","protected":false},"author":69,"featured_media":0,"parent":0,"menu_order":0,"comment_status":"closed","ping_status":"closed","template":"","meta":{"_acf_changed":false,"_seopress_robots_primary_cat":"0","_seopress_titles_title":"","_seopress_titles_desc":"","_seopress_robots_index":"","_analytify_skip_tracking":false,"footnotes":""},"class_list":["post-417","page","type-page","status-publish","hentry"],"acf":[],"_links":{"self":[{"href":"https:\/\/www.lasmargaritasinsurance.com\/es\/wp-json\/wp\/v2\/pages\/417","targetHints":{"allow":["GET"]}}],"collection":[{"href":"https:\/\/www.lasmargaritasinsurance.com\/es\/wp-json\/wp\/v2\/pages"}],"about":[{"href":"https:\/\/www.lasmargaritasinsurance.com\/es\/wp-json\/wp\/v2\/types\/page"}],"author":[{"embeddable":true,"href":"https:\/\/www.lasmargaritasinsurance.com\/es\/wp-json\/wp\/v2\/users\/69"}],"replies":[{"embeddable":true,"href":"https:\/\/www.lasmargaritasinsurance.com\/es\/wp-json\/wp\/v2\/comments?post=417"}],"version-history":[{"count":0,"href":"https:\/\/www.lasmargaritasinsurance.com\/es\/wp-json\/wp\/v2\/pages\/417\/revisions"}],"wp:attachment":[{"href":"https:\/\/www.lasmargaritasinsurance.com\/es\/wp-json\/wp\/v2\/media?parent=417"}],"curies":[{"name":"wp","href":"https:\/\/api.w.org\/{rel}","templated":true}]}}